{"id":139,"date":"2021-10-15T15:57:19","date_gmt":"2021-10-15T13:57:19","guid":{"rendered":"https:\/\/cv-stassfurt.de\/WebSite\/?page_id=139"},"modified":"2023-09-17T07:57:03","modified_gmt":"2023-09-17T05:57:03","slug":"startseite","status":"publish","type":"page","link":"https:\/\/cv-stassfurt.de\/?page_id=139","title":{"rendered":"Der Vorstand"},"content":{"rendered":"\n<p>Nachfolgend stellt sich der Vorstand des 1. Sta\u00dffurter Carneval Verein vor:<\/p>\n\n\n\n<h2>Steffen Walther<\/h2>\n\n\n\n<div class=\"wp-block-columns\">\n<div class=\"wp-block-column\" style=\"flex-basis:33.33%\">\n<figure class=\"wp-block-image size-large\"><img loading=\"lazy\" width=\"326\" height=\"429\" src=\"https:\/\/cv-stassfurt.de\/website\/wp-content\/uploads\/2021\/10\/Steffen-Walther-1-e1634838329521.jpg\" alt=\"\" class=\"wp-image-171\" srcset=\"https:\/\/cv-stassfurt.de\/wp-content\/uploads\/2021\/10\/Steffen-Walther-1-e1634838329521.jpg 326w, https:\/\/cv-stassfurt.de\/wp-content\/uploads\/2021\/10\/Steffen-Walther-1-e1634838329521-228x300.jpg 228w\" sizes=\"(max-width: 326px) 100vw, 326px\" \/><\/figure>\n<\/div>\n\n\n\n<div class=\"wp-block-column\" style=\"flex-basis:66.66%\">\n<p>Ich bin Steffen Walther, der Pr\u00e4sident des 1. SCV .<br>Seit 26 Jahren geh\u00f6rt der Karneval zu meinem Leben.<br>Ob als Ton- und Lichttechniker, B\u00fchnenbauer, Organisator, langj\u00e4hriger Sponsor und sogar Prinz durfte ich in einer Session schon sein.<\/p>\n<\/div>\n<\/div>\n\n\n\n<h2>Gerhard Teichert<\/h2>\n\n\n\n<div class=\"wp-block-columns\">\n<div class=\"wp-block-column\" style=\"flex-basis:33.33%\">\n<figure class=\"wp-block-image size-large\"><img loading=\"lazy\" width=\"1334\" height=\"1335\" src=\"https:\/\/cv-stassfurt.de\/website\/wp-content\/uploads\/2021\/10\/Gerhard-Teichert-edited.jpg\" alt=\"\" class=\"wp-image-226\" srcset=\"https:\/\/cv-stassfurt.de\/wp-content\/uploads\/2021\/10\/Gerhard-Teichert-edited.jpg 1334w, https:\/\/cv-stassfurt.de\/wp-content\/uploads\/2021\/10\/Gerhard-Teichert-edited-300x300.jpg 300w, https:\/\/cv-stassfurt.de\/wp-content\/uploads\/2021\/10\/Gerhard-Teichert-edited-1024x1024.jpg 1024w, https:\/\/cv-stassfurt.de\/wp-content\/uploads\/2021\/10\/Gerhard-Teichert-edited-150x150.jpg 150w, https:\/\/cv-stassfurt.de\/wp-content\/uploads\/2021\/10\/Gerhard-Teichert-edited-768x769.jpg 768w\" sizes=\"(max-width: 1334px) 100vw, 1334px\" \/><\/figure>\n<\/div>\n\n\n\n<div class=\"wp-block-column\" style=\"flex-basis:66.66%\">\n<p>Als &#8222;Vize&#8220; hab ich folgende Aufgaben \u00fcbernommen:<\/p>\n\n\n\n<ul><li>Organisation und Durchf\u00fchrung all unserer Veranstaltungen<\/li><li>Abstimmung und Umsetzung von Programminhalten f\u00fcr die Auftritte<\/li><li>Unterst\u00fczung des Vereins bei inhaltlichen und vereinsrechtlichen Angelegenheiten<\/li><li>aktive Teilnahme auf der B\u00fchne<\/li><\/ul>\n<\/div>\n<\/div>\n\n\n\n<h2>Sarah Kettler<\/h2>\n\n\n\n<div class=\"wp-block-columns\">\n<div class=\"wp-block-column\" style=\"flex-basis:33.33%\">\n<figure class=\"wp-block-image size-large\"><img loading=\"lazy\" width=\"460\" height=\"460\" src=\"https:\/\/cv-stassfurt.de\/website\/wp-content\/uploads\/2021\/10\/Sarah-Kettler.jpg\" alt=\"\" class=\"wp-image-180\" srcset=\"https:\/\/cv-stassfurt.de\/wp-content\/uploads\/2021\/10\/Sarah-Kettler.jpg 460w, https:\/\/cv-stassfurt.de\/wp-content\/uploads\/2021\/10\/Sarah-Kettler-300x300.jpg 300w, https:\/\/cv-stassfurt.de\/wp-content\/uploads\/2021\/10\/Sarah-Kettler-150x150.jpg 150w\" sizes=\"(max-width: 460px) 100vw, 460px\" \/><\/figure>\n<\/div>\n\n\n\n<div class=\"wp-block-column\" style=\"flex-basis:66.66%\">\n<p>Mein Name ist Sarah Kettler. Ich bin Bankkauffrau und damit lag mein Amt im Verein als Schatzmeisterin nah. Karneval ist seit 15 Jahren Teil meines Lebens &#8211; meistens als T\u00e4nzerin, aber auch als Prinzessin stand ich schon auf der B\u00fchne.<\/p>\n<\/div>\n<\/div>\n\n\n\n<h2>Steffi Walther<\/h2>\n\n\n\n<div class=\"wp-block-columns\">\n<div class=\"wp-block-column\" style=\"flex-basis:33.33%\">\n<figure class=\"wp-block-image size-large\"><img loading=\"lazy\" width=\"621\" height=\"664\" src=\"https:\/\/cv-stassfurt.de\/WebSite\/wp-content\/uploads\/2021\/10\/Steffi-Walther.jpg\" alt=\"\" class=\"wp-image-157\" srcset=\"https:\/\/cv-stassfurt.de\/wp-content\/uploads\/2021\/10\/Steffi-Walther.jpg 621w, https:\/\/cv-stassfurt.de\/wp-content\/uploads\/2021\/10\/Steffi-Walther-281x300.jpg 281w\" sizes=\"(max-width: 621px) 100vw, 621px\" \/><\/figure>\n<\/div>\n\n\n\n<div class=\"wp-block-column\" style=\"flex-basis:66.66%\">\n<p>Vor 26 Jahren wurde ich mit dem Karnevalvirus angesteckt. Damals nur als Mutter von 2 Gardet\u00e4nzer\/in, wurde das Interesse von Jahr zu Jahr mehr. In der Session 2010\/2011 war ich dann mit meinem Ehemann Steffen Prinzenpaar des MCS e.V. und im Anschluss Mitglied des Elferrates des MCS e.V..<\/p>\n\n\n\n<p>Im neuen Verein bin ich verantwortlich f\u00fcr \u00d6ffentlichkeitsarbeit und Koordination. Man nennt mich auch die gute Seele des Vereins.<\/p>\n<\/div>\n<\/div>\n\n\n\n<h2>Lea Walther.<\/h2>\n\n\n\n<div class=\"wp-block-columns\">\n<div class=\"wp-block-column\" style=\"flex-basis:33.33%\">\n<figure class=\"wp-block-image size-large\"><img loading=\"lazy\" width=\"1000\" height=\"999\" src=\"https:\/\/cv-stassfurt.de\/wp-content\/uploads\/2021\/12\/Lea-Walther-edited.png\" alt=\"Lea Walther\" class=\"wp-image-303\" srcset=\"https:\/\/cv-stassfurt.de\/wp-content\/uploads\/2021\/12\/Lea-Walther-edited.png 1000w, https:\/\/cv-stassfurt.de\/wp-content\/uploads\/2021\/12\/Lea-Walther-edited-300x300.png 300w, https:\/\/cv-stassfurt.de\/wp-content\/uploads\/2021\/12\/Lea-Walther-edited-150x150.png 150w, https:\/\/cv-stassfurt.de\/wp-content\/uploads\/2021\/12\/Lea-Walther-edited-768x767.png 768w\" sizes=\"(max-width: 1000px) 100vw, 1000px\" \/><\/figure>\n<\/div>\n\n\n\n<div class=\"wp-block-column\" style=\"flex-basis:66.66%\">\n<p>Mein Name ist Lea Walther. Ich bin 18 Jahre und stehe seitdem ich Laufen kann neben meiner Familie beim Karneval mit auf der B\u00fchne. Meine Leidenschaft ist das Tanzen in der Garde- und Showtanzgruppe. Gleichzeitig trainiere ich 1x w\u00f6chentlich unsere Tanzgruppe der 5-12 J\u00e4hrigen die &#8222;Salzlandm\u00e4use&#8220;. In unserem Verein bin ich als Jugendwart t\u00e4tig.<\/p>\n<\/div>\n<\/div>\n","protected":false},"excerpt":{"rendered":"<p>Nachfolgend stellt sich der Vorstand des 1. Sta\u00dffurter Carneval Verein vor: Steffen Walther Ich bin Steffen Walther, der Pr\u00e4sident des 1. SCV .Seit 26 Jahren geh\u00f6rt der Karneval zu meinem Leben.Ob als Ton- und Lichttechniker, B\u00fchnenbauer, Organisator, langj\u00e4hriger Sponsor und sogar Prinz durfte ich in einer Session schon sein. Gerhard Teichert Als &#8222;Vize&#8220; hab ich [&hellip;]<\/p>\n","protected":false},"author":1,"featured_media":0,"parent":0,"menu_order":0,"comment_status":"closed","ping_status":"closed","template":"","meta":[],"_links":{"self":[{"href":"https:\/\/cv-stassfurt.de\/index.php?rest_route=\/wp\/v2\/pages\/139"}],"collection":[{"href":"https:\/\/cv-stassfurt.de\/index.php?rest_route=\/wp\/v2\/pages"}],"about":[{"href":"https:\/\/cv-stassfurt.de\/index.php?rest_route=\/wp\/v2\/types\/page"}],"author":[{"embeddable":true,"href":"https:\/\/cv-stassfurt.de\/index.php?rest_route=\/wp\/v2\/users\/1"}],"replies":[{"embeddable":true,"href":"https:\/\/cv-stassfurt.de\/index.php?rest_route=%2Fwp%2Fv2%2Fcomments&post=139"}],"version-history":[{"count":12,"href":"https:\/\/cv-stassfurt.de\/index.php?rest_route=\/wp\/v2\/pages\/139\/revisions"}],"predecessor-version":[{"id":796,"href":"https:\/\/cv-stassfurt.de\/index.php?rest_route=\/wp\/v2\/pages\/139\/revisions\/796"}],"wp:attachment":[{"href":"https:\/\/cv-stassfurt.de\/index.php?rest_route=%2Fwp%2Fv2%2Fmedia&parent=139"}],"curies":[{"name":"wp","href":"https:\/\/api.w.org\/{rel}","templated":true}]}}