{"id":2,"date":"2021-06-29T19:55:59","date_gmt":"2021-06-29T17:55:59","guid":{"rendered":"https:\/\/cv-stassfurt.de\/?page_id=2"},"modified":"2023-07-03T20:19:34","modified_gmt":"2023-07-03T18:19:34","slug":"beispiel-seite","status":"publish","type":"page","link":"https:\/\/cv-stassfurt.de\/?page_id=2","title":{"rendered":"Wir \u00fcber uns"},"content":{"rendered":"\n<h2>Zur Entstehung des Vereins<\/h2>\n\n\n\n<p>Am 26.03.2021 wurde unser Verein, der 1. Sta\u00dffurter Carneval Verein e. V. gegr\u00fcndet. Unsere Gr\u00fcndungsmitglieder sind allesamt keine Karnevalsneulinge.<\/p>\n\n\n\n<p>Jahrzehntelang wurde der Karneval in Sta\u00dffurt vom M\u00e4nnerchor des Sta\u00dffurter Handwerks ausgerichtet. Bei der Durchf\u00fchrung dieser Veranstaltungen haben wir schon jahrelang auf und hinter der B\u00fchne mitgewirkt. Unser Vereinspr\u00e4sident Steffen Walther ist ebenfalls 2. Vorsitzender des M\u00e4nnerchores. Er hat in unserem Namen um eine Erweiterung des Vereins f\u00fcr Freunde des Karnevals gebeten, da zum Beispiel die Frauen der Tanzgruppen nicht in den Verein eintreten konnten. Dieser Bitte wurde jedoch nicht entsprochen und am 16.08.2020 verk\u00fcndete der Vorstand des M\u00e4nnerchores, dass es keinen Karneval unter der Leitung des Sta\u00dffurter M\u00e4nnerchores mehr geben wird. Dies entt\u00e4uschte uns sehr, da wir f\u00fcr den Karneval brennen. Leider wurden wir von Corona ausgebremst, doch seit dem 26.03. diesen Jahres gibt es unseren Verein.<\/p>\n\n\n\n<h2>Unsere Ziele<\/h2>\n\n\n\n<p>Wir wollen die lange Tradition des Karnevals in Sta\u00dffurt weiterf\u00fchren.<br>Wir planen, dass unser Verein ganzj\u00e4hrig pr\u00e4sent ist. Neben den normalen Karnevalsvorstellungen m\u00f6chten wir auch Kinderfasching und Seniorenvorstellungen anbieten.<\/p>\n\n\n\n<h2>Derzeitiger Stand<\/h2>\n\n\n\n<p>Unsere Kindergarde befindet sich im Aufbau und es wird schon w\u00f6chentlich trainiert. Unsere Salzlanddancer und das M\u00e4nnerballett sind ebenfalls schon flei\u00dfig am Trainieren.<br>Auf dem Tag der Regionen haben wir uns erfolgreich mit einem Stand und auf der B\u00fchne pr\u00e4sentiert. So ist es uns auch schon gelungen, neue Mitglieder zu werben.<\/p>\n\n\n\n<p>Wir suchen noch engagierte, karnevalsverr\u00fcckte Mitstreiter auf der B\u00fchne und Helfer hinter den Kulissen. Wer zum Beispiel Lust am Singen hat oder f\u00fcr alle m\u00f6glichen Sp\u00e4\u00dfe auf der B\u00fchne Ideen hat, ist bei uns willkommen.<\/p>\n\n\n\n<h2>Unser Treffpunkt<\/h2>\n\n\n\n<p>Jeden Montag um 18.00 Uhr treffen wir uns in unserem neuen Vereinsheim, das auch gleichzeitig unseren Proben- und Tanzraum beherbergt.<br>Wenn ihr also Lust und Interesse habt, euch einzubringen und unseren Verein unterst\u00fctzen wollt, dann schaut doch einfach mal in Sta\u00dffurt im Neundorfer Str. 35, 39418 Sta\u00dffurt im Restaurant &#8222;Nimm mich&#8220; vorbei.<\/p>\n","protected":false},"excerpt":{"rendered":"<p>Zur Entstehung des Vereins Am 26.03.2021 wurde unser Verein, der 1. Sta\u00dffurter Carneval Verein e. V. gegr\u00fcndet. Unsere Gr\u00fcndungsmitglieder sind allesamt keine Karnevalsneulinge. Jahrzehntelang wurde der Karneval in Sta\u00dffurt vom M\u00e4nnerchor des Sta\u00dffurter Handwerks ausgerichtet. Bei der Durchf\u00fchrung dieser Veranstaltungen haben wir schon jahrelang auf und hinter der B\u00fchne mitgewirkt. Unser Vereinspr\u00e4sident Steffen Walther ist [&hellip;]<\/p>\n","protected":false},"author":1,"featured_media":0,"parent":0,"menu_order":0,"comment_status":"closed","ping_status":"open","template":"","meta":[],"_links":{"self":[{"href":"https:\/\/cv-stassfurt.de\/index.php?rest_route=\/wp\/v2\/pages\/2"}],"collection":[{"href":"https:\/\/cv-stassfurt.de\/index.php?rest_route=\/wp\/v2\/pages"}],"about":[{"href":"https:\/\/cv-stassfurt.de\/index.php?rest_route=\/wp\/v2\/types\/page"}],"author":[{"embeddable":true,"href":"https:\/\/cv-stassfurt.de\/index.php?rest_route=\/wp\/v2\/users\/1"}],"replies":[{"embeddable":true,"href":"https:\/\/cv-stassfurt.de\/index.php?rest_route=%2Fwp%2Fv2%2Fcomments&post=2"}],"version-history":[{"count":7,"href":"https:\/\/cv-stassfurt.de\/index.php?rest_route=\/wp\/v2\/pages\/2\/revisions"}],"predecessor-version":[{"id":781,"href":"https:\/\/cv-stassfurt.de\/index.php?rest_route=\/wp\/v2\/pages\/2\/revisions\/781"}],"wp:attachment":[{"href":"https:\/\/cv-stassfurt.de\/index.php?rest_route=%2Fwp%2Fv2%2Fmedia&parent=2"}],"curies":[{"name":"wp","href":"https:\/\/api.w.org\/{rel}","templated":true}]}}