{"id":209,"date":"2021-10-22T18:48:02","date_gmt":"2021-10-22T16:48:02","guid":{"rendered":"https:\/\/cv-stassfurt.de\/website\/?page_id=209"},"modified":"2022-03-31T16:47:13","modified_gmt":"2022-03-31T14:47:13","slug":"das-maennerballet","status":"publish","type":"page","link":"https:\/\/cv-stassfurt.de\/?page_id=209","title":{"rendered":"Das M\u00e4nnerballet"},"content":{"rendered":"\n<p>Einer der H\u00f6hepunkte jeder Karnevalsveranstaltung ist zweifelsohne der Auftritt des M\u00e4nnerballets. Ein besonderes Highlight im Jahr 2022 wird auf jeden Fall die Ausrichtung und Teilnahme an der Landesmeisterschaft der M\u00e4nnerballette am 02.04.2022 im Salzlandcenter in Sta\u00dffurt, Hecklinger Stra\u00dfe 80.<\/p>\n\n\n\n<div class=\"wp-block-columns\">\n<div class=\"wp-block-column\">\n<figure class=\"wp-block-image size-large is-resized\"><img src=\"https:\/\/cv-stassfurt.de\/website\/wp-content\/uploads\/2021\/10\/Karneval-2019_01-edited.jpg\" alt=\"\" class=\"wp-image-277\" width=\"256\" srcset=\"https:\/\/cv-stassfurt.de\/wp-content\/uploads\/2021\/10\/Karneval-2019_01-edited.jpg 432w, https:\/\/cv-stassfurt.de\/wp-content\/uploads\/2021\/10\/Karneval-2019_01-edited-169x300.jpg 169w\" sizes=\"(max-width: 432px) 100vw, 432px\" \/><\/figure>\n<\/div>\n\n\n\n<div class=\"wp-block-column\">\n<figure class=\"wp-block-image size-large\"><img loading=\"lazy\" width=\"768\" height=\"1024\" src=\"https:\/\/cv-stassfurt.de\/website\/wp-content\/uploads\/2021\/10\/IMG-20211004-WA0006-768x1024.jpg\" alt=\"\" class=\"wp-image-274\" srcset=\"https:\/\/cv-stassfurt.de\/wp-content\/uploads\/2021\/10\/IMG-20211004-WA0006-768x1024.jpg 768w, https:\/\/cv-stassfurt.de\/wp-content\/uploads\/2021\/10\/IMG-20211004-WA0006-225x300.jpg 225w, https:\/\/cv-stassfurt.de\/wp-content\/uploads\/2021\/10\/IMG-20211004-WA0006-1152x1536.jpg 1152w, https:\/\/cv-stassfurt.de\/wp-content\/uploads\/2021\/10\/IMG-20211004-WA0006.jpg 1200w\" sizes=\"(max-width: 768px) 100vw, 768px\" \/><\/figure>\n<\/div>\n\n\n\n<div class=\"wp-block-column\">\n<figure class=\"wp-block-image size-large\"><img loading=\"lazy\" width=\"768\" height=\"1024\" src=\"https:\/\/cv-stassfurt.de\/website\/wp-content\/uploads\/2021\/10\/Trauriger-Stefan.jpg\" alt=\"\" class=\"wp-image-275\" srcset=\"https:\/\/cv-stassfurt.de\/wp-content\/uploads\/2021\/10\/Trauriger-Stefan.jpg 768w, https:\/\/cv-stassfurt.de\/wp-content\/uploads\/2021\/10\/Trauriger-Stefan-225x300.jpg 225w\" sizes=\"(max-width: 768px) 100vw, 768px\" \/><figcaption>Schon 2020 sollten wir Ausrichter der Landesmeisterschaften sein, <strong>Corona<\/strong> hat es vermasselt.<\/figcaption><\/figure>\n<\/div>\n<\/div>\n\n\n\n<p>Unsere M\u00e4nner sind etwas traurig, dass die Meisterschaften des M\u00e4nnerballettes erneut ausfallen werden. Trotzdem waren sie flei\u00dfig und haben einen neuen Tanz einstudiert. Wir versuchen zu verschiedenen Gelegenheiten in und um Sta\u00dffurt aufzutreten. Vielleicht k\u00f6nnt ihr dann unseren Hula ja sehen. <\/p>\n\n\n\n<div class=\"wp-block-group\"><div class=\"wp-block-group__inner-container\">\n<div class=\"wp-block-image\"><figure class=\"aligncenter size-large is-resized\"><img loading=\"lazy\" src=\"https:\/\/cv-stassfurt.de\/wp-content\/uploads\/2022\/03\/20220226210415_IMG_1331-1-1024x683.jpg\" alt=\"\" class=\"wp-image-343\" width=\"550\" height=\"367\" srcset=\"https:\/\/cv-stassfurt.de\/wp-content\/uploads\/2022\/03\/20220226210415_IMG_1331-1-1024x683.jpg 1024w, https:\/\/cv-stassfurt.de\/wp-content\/uploads\/2022\/03\/20220226210415_IMG_1331-1-300x200.jpg 300w, https:\/\/cv-stassfurt.de\/wp-content\/uploads\/2022\/03\/20220226210415_IMG_1331-1-768x512.jpg 768w, https:\/\/cv-stassfurt.de\/wp-content\/uploads\/2022\/03\/20220226210415_IMG_1331-1-1536x1024.jpg 1536w, https:\/\/cv-stassfurt.de\/wp-content\/uploads\/2022\/03\/20220226210415_IMG_1331-1-2048x1365.jpg 2048w\" sizes=\"(max-width: 550px) 100vw, 550px\" \/><figcaption>Na, neugierig, was darunter steckt!?<\/figcaption><\/figure><\/div>\n<\/div><\/div>\n\n\n\n<div class=\"wp-block-columns\">\n<div class=\"wp-block-column\" style=\"flex-basis:100%\">\n<div class=\"wp-block-image\"><figure class=\"alignright size-large is-resized\"><img loading=\"lazy\" src=\"https:\/\/cv-stassfurt.de\/wp-content\/uploads\/2022\/03\/20220226210655_IMG_1332-1-1024x683.jpg\" alt=\"\" class=\"wp-image-344\" width=\"558\" height=\"371\" srcset=\"https:\/\/cv-stassfurt.de\/wp-content\/uploads\/2022\/03\/20220226210655_IMG_1332-1-1024x683.jpg 1024w, https:\/\/cv-stassfurt.de\/wp-content\/uploads\/2022\/03\/20220226210655_IMG_1332-1-300x200.jpg 300w, https:\/\/cv-stassfurt.de\/wp-content\/uploads\/2022\/03\/20220226210655_IMG_1332-1-768x512.jpg 768w, https:\/\/cv-stassfurt.de\/wp-content\/uploads\/2022\/03\/20220226210655_IMG_1332-1-1536x1024.jpg 1536w, https:\/\/cv-stassfurt.de\/wp-content\/uploads\/2022\/03\/20220226210655_IMG_1332-1-2048x1365.jpg 2048w\" sizes=\"(max-width: 558px) 100vw, 558px\" \/><\/figure><\/div>\n<\/div>\n<\/div>\n\n\n\n<p><\/p>\n","protected":false},"excerpt":{"rendered":"<p>Einer der H\u00f6hepunkte jeder Karnevalsveranstaltung ist zweifelsohne der Auftritt des M\u00e4nnerballets. Ein besonderes Highlight im Jahr 2022 wird auf jeden Fall die Ausrichtung und Teilnahme an der Landesmeisterschaft der M\u00e4nnerballette am 02.04.2022 im Salzlandcenter in Sta\u00dffurt, Hecklinger Stra\u00dfe 80. Unsere M\u00e4nner sind etwas traurig, dass die Meisterschaften des M\u00e4nnerballettes erneut ausfallen werden. Trotzdem waren sie [&hellip;]<\/p>\n","protected":false},"author":1,"featured_media":0,"parent":0,"menu_order":0,"comment_status":"closed","ping_status":"closed","template":"","meta":[],"_links":{"self":[{"href":"https:\/\/cv-stassfurt.de\/index.php?rest_route=\/wp\/v2\/pages\/209"}],"collection":[{"href":"https:\/\/cv-stassfurt.de\/index.php?rest_route=\/wp\/v2\/pages"}],"about":[{"href":"https:\/\/cv-stassfurt.de\/index.php?rest_route=\/wp\/v2\/types\/page"}],"author":[{"embeddable":true,"href":"https:\/\/cv-stassfurt.de\/index.php?rest_route=\/wp\/v2\/users\/1"}],"replies":[{"embeddable":true,"href":"https:\/\/cv-stassfurt.de\/index.php?rest_route=%2Fwp%2Fv2%2Fcomments&post=209"}],"version-history":[{"count":5,"href":"https:\/\/cv-stassfurt.de\/index.php?rest_route=\/wp\/v2\/pages\/209\/revisions"}],"predecessor-version":[{"id":358,"href":"https:\/\/cv-stassfurt.de\/index.php?rest_route=\/wp\/v2\/pages\/209\/revisions\/358"}],"wp:attachment":[{"href":"https:\/\/cv-stassfurt.de\/index.php?rest_route=%2Fwp%2Fv2%2Fmedia&parent=209"}],"curies":[{"name":"wp","href":"https:\/\/api.w.org\/{rel}","templated":true}]}}