{"id":266,"date":"2021-10-26T19:42:28","date_gmt":"2021-10-26T17:42:28","guid":{"rendered":"https:\/\/cv-stassfurt.de\/website\/?page_id=266"},"modified":"2021-10-26T19:42:28","modified_gmt":"2021-10-26T17:42:28","slug":"unterstuetzung-und-sponsoring","status":"publish","type":"page","link":"https:\/\/cv-stassfurt.de\/?page_id=266","title":{"rendered":"Unterst\u00fctzung und Sponsoring"},"content":{"rendered":"\n<p>Ein besonderer Dank und karnevalistischer Gru\u00df gehen an das<\/p>\n\n\n\n<div class=\"wp-block-columns\">\n<div class=\"wp-block-column\" style=\"flex-basis:33.33%\">\n<figure class=\"wp-block-image size-large is-resized\"><img loading=\"lazy\" src=\"https:\/\/www.pixelpower-foto.de\/files\/images\/pixelpower-fotos-logo.png\" alt=\"\" width=\"267\" height=\"281\"\/><figcaption><a href=\"https:\/\/www.pixelpower-foto.de\/\">Fotostudio Pixelpower<\/a><\/figcaption><\/figure>\n<\/div>\n\n\n\n<div class=\"wp-block-column\" style=\"flex-basis:66.66%\"><\/div>\n<\/div>\n\n\n\n<p>und Lutz Kr\u00fcger f\u00fcr die professionelle Unterst\u00fctzung bei der Erstellung unserer Werbematerialien.<\/p>\n\n\n\n<p>  <\/p>\n","protected":false},"excerpt":{"rendered":"<p>Ein besonderer Dank und karnevalistischer Gru\u00df gehen an das und Lutz Kr\u00fcger f\u00fcr die professionelle Unterst\u00fctzung bei der Erstellung unserer Werbematerialien.<\/p>\n","protected":false},"author":1,"featured_media":0,"parent":0,"menu_order":0,"comment_status":"closed","ping_status":"closed","template":"","meta":[],"_links":{"self":[{"href":"https:\/\/cv-stassfurt.de\/index.php?rest_route=\/wp\/v2\/pages\/266"}],"collection":[{"href":"https:\/\/cv-stassfurt.de\/index.php?rest_route=\/wp\/v2\/pages"}],"about":[{"href":"https:\/\/cv-stassfurt.de\/index.php?rest_route=\/wp\/v2\/types\/page"}],"author":[{"embeddable":true,"href":"https:\/\/cv-stassfurt.de\/index.php?rest_route=\/wp\/v2\/users\/1"}],"replies":[{"embeddable":true,"href":"https:\/\/cv-stassfurt.de\/index.php?rest_route=%2Fwp%2Fv2%2Fcomments&post=266"}],"version-history":[{"count":1,"href":"https:\/\/cv-stassfurt.de\/index.php?rest_route=\/wp\/v2\/pages\/266\/revisions"}],"predecessor-version":[{"id":267,"href":"https:\/\/cv-stassfurt.de\/index.php?rest_route=\/wp\/v2\/pages\/266\/revisions\/267"}],"wp:attachment":[{"href":"https:\/\/cv-stassfurt.de\/index.php?rest_route=%2Fwp%2Fv2%2Fmedia&parent=266"}],"curies":[{"name":"wp","href":"https:\/\/api.w.org\/{rel}","templated":true}]}}