{"id":282,"date":"2021-10-27T19:31:53","date_gmt":"2021-10-27T17:31:53","guid":{"rendered":"https:\/\/cv-stassfurt.de\/website\/?page_id=282"},"modified":"2023-08-30T19:40:07","modified_gmt":"2023-08-30T17:40:07","slug":"mitglied-werden","status":"publish","type":"page","link":"https:\/\/cv-stassfurt.de\/?page_id=282","title":{"rendered":"Mitglied werden"},"content":{"rendered":"\n<p>Du hast Interesse bei uns im Verein Mitglied zu werden? Lade dir hier einfach unseren <a href=\"https:\/\/cv-stassfurt.de\/website\/wp-content\/uploads\/2021\/10\/Aufnahmeantrag-SCV.pdf\" target=\"_blank\" rel=\"noreferrer noopener\">Mitgliedsantrag<\/a> herunter. Ausf\u00fcllen, abschicken, dabei sein! Oder komm vorbei, unser Vereinsheim findest du in der Alten Feuerwache, Athenslebener Weg 4, 39418 Sta\u00dffurt. Regelm\u00e4\u00dfig sind wir montags ab 18:30 Uhr dort anzutreffen. F\u00fcr mehr Informationen ruf auch gern an unter Tel.: 0173 63 76 60 6.<\/p>\n\n\n\n<div class=\"wp-block-columns\">\n<div class=\"wp-block-column\" style=\"flex-basis:33.33%\">\n<figure class=\"wp-block-image size-large\"><a href=\"https:\/\/cv-stassfurt.de\/wp-content\/uploads\/2021\/10\/Aufnahmeantrag-SCV.pdf\" target=\"_blank\" rel=\"noopener\"><img loading=\"lazy\" width=\"200\" height=\"278\" src=\"https:\/\/cv-stassfurt.de\/wp-content\/uploads\/2021\/10\/Mitgliedsantrag-1.png\" alt=\"\" class=\"wp-image-285\"\/><\/a><figcaption>Hier geht es zum Antrag.<\/figcaption><\/figure>\n\n\n\n<p><\/p>\n<\/div>\n\n\n\n<div class=\"wp-block-column\" style=\"flex-basis:66.66%\"><\/div>\n<\/div>\n\n\n\n<p><\/p>\n","protected":false},"excerpt":{"rendered":"<p>Du hast Interesse bei uns im Verein Mitglied zu werden? Lade dir hier einfach unseren Mitgliedsantrag herunter. Ausf\u00fcllen, abschicken, dabei sein! Oder komm vorbei, unser Vereinsheim findest du in der Alten Feuerwache, Athenslebener Weg 4, 39418 Sta\u00dffurt. Regelm\u00e4\u00dfig sind wir montags ab 18:30 Uhr dort anzutreffen. F\u00fcr mehr Informationen ruf auch gern an unter Tel.: [&hellip;]<\/p>\n","protected":false},"author":1,"featured_media":0,"parent":0,"menu_order":0,"comment_status":"closed","ping_status":"closed","template":"","meta":[],"_links":{"self":[{"href":"https:\/\/cv-stassfurt.de\/index.php?rest_route=\/wp\/v2\/pages\/282"}],"collection":[{"href":"https:\/\/cv-stassfurt.de\/index.php?rest_route=\/wp\/v2\/pages"}],"about":[{"href":"https:\/\/cv-stassfurt.de\/index.php?rest_route=\/wp\/v2\/types\/page"}],"author":[{"embeddable":true,"href":"https:\/\/cv-stassfurt.de\/index.php?rest_route=\/wp\/v2\/users\/1"}],"replies":[{"embeddable":true,"href":"https:\/\/cv-stassfurt.de\/index.php?rest_route=%2Fwp%2Fv2%2Fcomments&post=282"}],"version-history":[{"count":4,"href":"https:\/\/cv-stassfurt.de\/index.php?rest_route=\/wp\/v2\/pages\/282\/revisions"}],"predecessor-version":[{"id":792,"href":"https:\/\/cv-stassfurt.de\/index.php?rest_route=\/wp\/v2\/pages\/282\/revisions\/792"}],"wp:attachment":[{"href":"https:\/\/cv-stassfurt.de\/index.php?rest_route=%2Fwp%2Fv2%2Fmedia&parent=282"}],"curies":[{"name":"wp","href":"https:\/\/api.w.org\/{rel}","templated":true}]}}