{"id":365,"date":"2022-04-08T23:13:27","date_gmt":"2022-04-08T21:13:27","guid":{"rendered":"https:\/\/cv-stassfurt.de\/?page_id=365"},"modified":"2022-04-09T14:52:14","modified_gmt":"2022-04-09T12:52:14","slug":"ein-voller-erfolg-war-unsere-spendenmeisterschaft","status":"publish","type":"page","link":"https:\/\/cv-stassfurt.de\/?page_id=365","title":{"rendered":"Ein voller Erfolg war unsere Spendenmeisterschaft"},"content":{"rendered":"\n<div class=\"wp-block-buttons is-content-justification-right\">\n<div class=\"wp-block-button\"><a class=\"wp-block-button__link\" href=\"https:\/\/cv-stassfurt.de\/?page_id=371\"><strong>Zur 2. Seite<\/strong><\/a><\/div>\n<\/div>\n\n\n\n<p>Am 02.04.22 erreichten die Karnevalisten am Ende des Abends eine Spendensumme von 5132,11 Euro f\u00fcr die Ukraine. Ein gro\u00dfes Dankesch\u00f6n gilt an die 17 teilnehmenden Karnevalsvereine aus Sachsen-Anhalt zum Beispiel: Werdershausen CV, Felgelebener Carnevalsclub, Gauseberger CV, Keetner Spitzen, Lettiner Jecken und vielen weiteren. <\/p>\n\n\n\n<div class=\"wp-block-columns\">\n<div class=\"wp-block-column\" style=\"flex-basis:33.33%\">\n<div class=\"wp-block-image\"><figure class=\"alignleft size-large is-resized\"><img loading=\"lazy\" src=\"https:\/\/cv-stassfurt.de\/wp-content\/uploads\/2022\/04\/02.04.2022_41-2.jpg\" alt=\"\" width=\"324\" height=\"632\"\/><figcaption>Unser KLV-Pr\u00e4sident Dirk Vater er\u00f6ffnet unsere Spendenmeisterschaft.<\/figcaption><\/figure><\/div>\n<\/div>\n\n\n\n<div class=\"wp-block-column\" style=\"flex-basis:66.66%\">\n<div class=\"wp-block-image\"><figure class=\"alignright size-large is-resized\"><img loading=\"lazy\" src=\"https:\/\/cv-stassfurt.de\/wp-content\/uploads\/2022\/04\/02.04.2022_43-1024x683.jpg\" alt=\"\" width=\"495\" height=\"330\"\/><figcaption>Das Jugendblasorchester unter der Leitung von Peter Roskoden.<\/figcaption><\/figure><\/div>\n\n\n\n<div class=\"wp-block-image\"><figure class=\"alignright size-large is-resized\"><img loading=\"lazy\" src=\"https:\/\/cv-stassfurt.de\/wp-content\/uploads\/2022\/04\/02.04.2022_46-683x1024.jpg\" alt=\"\" width=\"364\" height=\"546\"\/><\/figure><\/div>\n<\/div>\n<\/div>\n\n\n\n<div class=\"wp-block-buttons is-content-justification-right\">\n<div class=\"wp-block-button\"><a class=\"wp-block-button__link\" href=\"https:\/\/cv-stassfurt.de\/?page_id=371\"><strong>Zur 2. Seite<\/strong><\/a><\/div>\n<\/div>\n\n\n\n<p><\/p>\n\n\n\n<p><\/p>\n\n\n\n<p><\/p>\n","protected":false},"excerpt":{"rendered":"<p>Am 02.04.22 erreichten die Karnevalisten am Ende des Abends eine Spendensumme von 5132,11 Euro f\u00fcr die Ukraine. Ein gro\u00dfes Dankesch\u00f6n gilt an die 17 teilnehmenden Karnevalsvereine aus Sachsen-Anhalt zum Beispiel: Werdershausen CV, Felgelebener Carnevalsclub, Gauseberger CV, Keetner Spitzen, Lettiner Jecken und vielen weiteren.<\/p>\n","protected":false},"author":1,"featured_media":0,"parent":0,"menu_order":0,"comment_status":"closed","ping_status":"closed","template":"","meta":[],"_links":{"self":[{"href":"https:\/\/cv-stassfurt.de\/index.php?rest_route=\/wp\/v2\/pages\/365"}],"collection":[{"href":"https:\/\/cv-stassfurt.de\/index.php?rest_route=\/wp\/v2\/pages"}],"about":[{"href":"https:\/\/cv-stassfurt.de\/index.php?rest_route=\/wp\/v2\/types\/page"}],"author":[{"embeddable":true,"href":"https:\/\/cv-stassfurt.de\/index.php?rest_route=\/wp\/v2\/users\/1"}],"replies":[{"embeddable":true,"href":"https:\/\/cv-stassfurt.de\/index.php?rest_route=%2Fwp%2Fv2%2Fcomments&post=365"}],"version-history":[{"count":4,"href":"https:\/\/cv-stassfurt.de\/index.php?rest_route=\/wp\/v2\/pages\/365\/revisions"}],"predecessor-version":[{"id":416,"href":"https:\/\/cv-stassfurt.de\/index.php?rest_route=\/wp\/v2\/pages\/365\/revisions\/416"}],"wp:attachment":[{"href":"https:\/\/cv-stassfurt.de\/index.php?rest_route=%2Fwp%2Fv2%2Fmedia&parent=365"}],"curies":[{"name":"wp","href":"https:\/\/api.w.org\/{rel}","templated":true}]}}