{"id":5,"date":"2021-07-01T16:12:27","date_gmt":"2021-07-01T14:12:27","guid":{"rendered":"https:\/\/cv-stassfurt.de\/?page_id=5"},"modified":"2021-10-18T19:51:05","modified_gmt":"2021-10-18T17:51:05","slug":"1-stassfurter-carneval-verein-e-v","status":"publish","type":"page","link":"https:\/\/cv-stassfurt.de\/","title":{"rendered":"1. Sta\u00dffurter Carneval Verein e.V."},"content":{"rendered":"\n<p style=\"font-size:21px\"><strong>Zur Entstehung unseres Vereins:<\/strong><\/p>\n\n\n\n<p><br>Am 26.03.2021 wurde unser Verein, der 1. Sta\u00dffurter Carneval Verein e. V. gegr\u00fcndet. Unsere Gr\u00fcndungsmitglieder sind allesamt keine Karnevalsneulinge.<br>Jahrzehntelang wurde der Karneval in Sta\u00dffurt vom M\u00e4nnerchor des Sta\u00dffurter Handwerks ausgerichtet. Bei der Durchf\u00fchrung dieser Veranstaltungen haben wir schon jahrelang auf und hinter der B\u00fchne mitgewirkt. Unser Vereinspr\u00e4sident Steffen Walther ist ebenfalls 2. Vorsitzender des M\u00e4nnerchores. Er hat in unserem Namen um eine Erweiterung des Vereins f\u00fcr Freunde des Karnevals gebeten, da zum Beispiel die Frauen der Tanzgruppen nicht in den Verein eintreten konnten. Dieser Bitte wurde jedoch nicht entsprochen und am 16.08.2020 verk\u00fcndete der Vorstand des M\u00e4nnerchores, dass es keinen Karneval unter der Leitung des Sta\u00dffurter M\u00e4nnerchores mehr geben wird. Dies entt\u00e4uschte uns sehr, da wir f\u00fcr den Karneval brennen. Leider wurden wir von Corona ausgebremst, doch seit dem 26.03. diesen Jahres gibt es unseren Verein.<\/p>\n\n\n\n<p><\/p>\n","protected":false},"excerpt":{"rendered":"<p>Zur Entstehung unseres Vereins: Am 26.03.2021 wurde unser Verein, der 1. Sta\u00dffurter Carneval Verein e. V. gegr\u00fcndet. Unsere Gr\u00fcndungsmitglieder sind allesamt keine Karnevalsneulinge.Jahrzehntelang wurde der Karneval in Sta\u00dffurt vom M\u00e4nnerchor des Sta\u00dffurter Handwerks ausgerichtet. Bei der Durchf\u00fchrung dieser Veranstaltungen haben wir schon jahrelang auf und hinter der B\u00fchne mitgewirkt. Unser Vereinspr\u00e4sident Steffen Walther ist ebenfalls [&hellip;]<\/p>\n","protected":false},"author":1,"featured_media":0,"parent":0,"menu_order":0,"comment_status":"closed","ping_status":"closed","template":"template-frontpage.php","meta":[],"_links":{"self":[{"href":"https:\/\/cv-stassfurt.de\/index.php?rest_route=\/wp\/v2\/pages\/5"}],"collection":[{"href":"https:\/\/cv-stassfurt.de\/index.php?rest_route=\/wp\/v2\/pages"}],"about":[{"href":"https:\/\/cv-stassfurt.de\/index.php?rest_route=\/wp\/v2\/types\/page"}],"author":[{"embeddable":true,"href":"https:\/\/cv-stassfurt.de\/index.php?rest_route=\/wp\/v2\/users\/1"}],"replies":[{"embeddable":true,"href":"https:\/\/cv-stassfurt.de\/index.php?rest_route=%2Fwp%2Fv2%2Fcomments&post=5"}],"version-history":[{"count":4,"href":"https:\/\/cv-stassfurt.de\/index.php?rest_route=\/wp\/v2\/pages\/5\/revisions"}],"predecessor-version":[{"id":146,"href":"https:\/\/cv-stassfurt.de\/index.php?rest_route=\/wp\/v2\/pages\/5\/revisions\/146"}],"wp:attachment":[{"href":"https:\/\/cv-stassfurt.de\/index.php?rest_route=%2Fwp%2Fv2%2Fmedia&parent=5"}],"curies":[{"name":"wp","href":"https:\/\/api.w.org\/{rel}","templated":true}]}}