{"id":584,"date":"2022-09-29T20:05:21","date_gmt":"2022-09-29T18:05:21","guid":{"rendered":"https:\/\/cv-stassfurt.de\/?page_id=584"},"modified":"2022-09-29T20:05:21","modified_gmt":"2022-09-29T18:05:21","slug":"dankeschoen-an-den-repo-markt-in-stassfurt-fuer-ihr-sponsering","status":"publish","type":"page","link":"https:\/\/cv-stassfurt.de\/?page_id=584","title":{"rendered":"Dankesch\u00f6n an den Repo-Markt in Sta\u00dffurt f\u00fcr ihr Sponsering"},"content":{"rendered":"\n<div class=\"wp-block-image\"><figure class=\"alignleft size-large is-resized\"><img src=\"https:\/\/cv-stassfurt.de\/wp-content\/uploads\/2022\/09\/repo-edited-2.jpg\" alt=\"\" class=\"wp-image-588\" width=\"274\" srcset=\"https:\/\/cv-stassfurt.de\/wp-content\/uploads\/2022\/09\/repo-edited-2.jpg 956w, https:\/\/cv-stassfurt.de\/wp-content\/uploads\/2022\/09\/repo-edited-2-169x300.jpg 169w, https:\/\/cv-stassfurt.de\/wp-content\/uploads\/2022\/09\/repo-edited-2-576x1024.jpg 576w, https:\/\/cv-stassfurt.de\/wp-content\/uploads\/2022\/09\/repo-edited-2-768x1365.jpg 768w, https:\/\/cv-stassfurt.de\/wp-content\/uploads\/2022\/09\/repo-edited-2-864x1536.jpg 864w\" sizes=\"(max-width: 956px) 100vw, 956px\" \/><\/figure><\/div>\n\n\n\n<figure class=\"wp-block-image size-large is-resized\"><img loading=\"lazy\" src=\"https:\/\/cv-stassfurt.de\/wp-content\/uploads\/2022\/09\/repo1-1024x768.jpg\" alt=\"\" class=\"wp-image-589\" width=\"527\" height=\"395\" srcset=\"https:\/\/cv-stassfurt.de\/wp-content\/uploads\/2022\/09\/repo1-1024x768.jpg 1024w, https:\/\/cv-stassfurt.de\/wp-content\/uploads\/2022\/09\/repo1-300x225.jpg 300w, https:\/\/cv-stassfurt.de\/wp-content\/uploads\/2022\/09\/repo1-768x576.jpg 768w, https:\/\/cv-stassfurt.de\/wp-content\/uploads\/2022\/09\/repo1-1536x1152.jpg 1536w, https:\/\/cv-stassfurt.de\/wp-content\/uploads\/2022\/09\/repo1.jpg 2000w\" sizes=\"(max-width: 527px) 100vw, 527px\" \/><figcaption>Unsere Kost\u00fcmschr\u00e4nke k\u00f6nnen endlich best\u00fcckt werden. <\/figcaption><\/figure>\n","protected":false},"excerpt":{"rendered":"","protected":false},"author":1,"featured_media":0,"parent":0,"menu_order":0,"comment_status":"closed","ping_status":"closed","template":"","meta":[],"_links":{"self":[{"href":"https:\/\/cv-stassfurt.de\/index.php?rest_route=\/wp\/v2\/pages\/584"}],"collection":[{"href":"https:\/\/cv-stassfurt.de\/index.php?rest_route=\/wp\/v2\/pages"}],"about":[{"href":"https:\/\/cv-stassfurt.de\/index.php?rest_route=\/wp\/v2\/types\/page"}],"author":[{"embeddable":true,"href":"https:\/\/cv-stassfurt.de\/index.php?rest_route=\/wp\/v2\/users\/1"}],"replies":[{"embeddable":true,"href":"https:\/\/cv-stassfurt.de\/index.php?rest_route=%2Fwp%2Fv2%2Fcomments&post=584"}],"version-history":[{"count":1,"href":"https:\/\/cv-stassfurt.de\/index.php?rest_route=\/wp\/v2\/pages\/584\/revisions"}],"predecessor-version":[{"id":590,"href":"https:\/\/cv-stassfurt.de\/index.php?rest_route=\/wp\/v2\/pages\/584\/revisions\/590"}],"wp:attachment":[{"href":"https:\/\/cv-stassfurt.de\/index.php?rest_route=%2Fwp%2Fv2%2Fmedia&parent=584"}],"curies":[{"name":"wp","href":"https:\/\/api.w.org\/{rel}","templated":true}]}}